{"id":5094,"date":"2020-06-02T08:22:39","date_gmt":"2020-06-02T06:22:39","guid":{"rendered":"https:\/\/genionlab.com\/blog\/"},"modified":"2026-04-07T13:00:48","modified_gmt":"2026-04-07T11:00:48","slug":"blog","status":"publish","type":"page","link":"https:\/\/genionlab.com\/en\/blog\/","title":{"rendered":"Blog"},"content":{"rendered":"\t\t<div data-elementor-type=\"wp-page\" data-elementor-id=\"5094\" class=\"elementor elementor-5094 elementor-1953\">\n\t\t\t\t\t\t<section class=\"elementor-section elementor-top-section elementor-element elementor-element-5a05eb3 elementor-section-boxed elementor-section-height-default elementor-section-height-default\" data-id=\"5a05eb3\" data-element_type=\"section\" data-e-type=\"section\" data-settings=\"{&quot;jet_parallax_layout_list&quot;:[{&quot;jet_parallax_layout_image&quot;:{&quot;url&quot;:&quot;&quot;,&quot;id&quot;:&quot;&quot;,&quot;size&quot;:&quot;&quot;},&quot;_id&quot;:&quot;79925df&quot;,&quot;jet_parallax_layout_image_tablet&quot;:{&quot;url&quot;:&quot;&quot;,&quot;id&quot;:&quot;&quot;,&quot;size&quot;:&quot;&quot;},&quot;jet_parallax_layout_image_mobile&quot;:{&quot;url&quot;:&quot;&quot;,&quot;id&quot;:&quot;&quot;,&quot;size&quot;:&quot;&quot;},&quot;jet_parallax_layout_speed&quot;:{&quot;unit&quot;:&quot;%&quot;,&quot;size&quot;:50,&quot;sizes&quot;:[]},&quot;jet_parallax_layout_type&quot;:&quot;scroll&quot;,&quot;jet_parallax_layout_direction&quot;:&quot;1&quot;,&quot;jet_parallax_layout_fx_direction&quot;:null,&quot;jet_parallax_layout_z_index&quot;:&quot;&quot;,&quot;jet_parallax_layout_bg_x&quot;:50,&quot;jet_parallax_layout_bg_x_tablet&quot;:&quot;&quot;,&quot;jet_parallax_layout_bg_x_mobile&quot;:&quot;&quot;,&quot;jet_parallax_layout_bg_y&quot;:50,&quot;jet_parallax_layout_bg_y_tablet&quot;:&quot;&quot;,&quot;jet_parallax_layout_bg_y_mobile&quot;:&quot;&quot;,&quot;jet_parallax_layout_bg_size&quot;:&quot;auto&quot;,&quot;jet_parallax_layout_bg_size_tablet&quot;:&quot;&quot;,&quot;jet_parallax_layout_bg_size_mobile&quot;:&quot;&quot;,&quot;jet_parallax_layout_animation_prop&quot;:&quot;transform&quot;,&quot;jet_parallax_layout_on&quot;:[&quot;desktop&quot;,&quot;tablet&quot;]}],&quot;background_background&quot;:&quot;classic&quot;}\">\n\t\t\t\t\t\t<div class=\"elementor-container elementor-column-gap-default\">\n\t\t\t\t\t<div class=\"elementor-column elementor-col-100 elementor-top-column elementor-element elementor-element-7a5ba47\" data-id=\"7a5ba47\" data-element_type=\"column\" data-e-type=\"column\">\n\t\t\t<div class=\"elementor-widget-wrap elementor-element-populated\">\n\t\t\t\t\t\t<div class=\"elementor-element elementor-element-fb09de5 elementor-widget elementor-widget-spacer\" data-id=\"fb09de5\" data-element_type=\"widget\" data-e-type=\"widget\" data-widget_type=\"spacer.default\">\n\t\t\t\t\t\t\t<div class=\"elementor-spacer\">\n\t\t\t<div class=\"elementor-spacer-inner\"><\/div>\n\t\t<\/div>\n\t\t\t\t\t\t<\/div>\n\t\t\t\t\t<\/div>\n\t\t<\/div>\n\t\t\t\t\t<\/div>\n\t\t<\/section>\n\t\t\t\t<section class=\"elementor-section elementor-top-section elementor-element elementor-element-cc29681 elementor-section-boxed elementor-section-height-default elementor-section-height-default\" data-id=\"cc29681\" data-element_type=\"section\" data-e-type=\"section\" data-settings=\"{&quot;jet_parallax_layout_list&quot;:[{&quot;jet_parallax_layout_image&quot;:{&quot;url&quot;:&quot;&quot;,&quot;id&quot;:&quot;&quot;,&quot;size&quot;:&quot;&quot;},&quot;_id&quot;:&quot;8094461&quot;,&quot;jet_parallax_layout_image_tablet&quot;:{&quot;url&quot;:&quot;&quot;,&quot;id&quot;:&quot;&quot;,&quot;size&quot;:&quot;&quot;},&quot;jet_parallax_layout_image_mobile&quot;:{&quot;url&quot;:&quot;&quot;,&quot;id&quot;:&quot;&quot;,&quot;size&quot;:&quot;&quot;},&quot;jet_parallax_layout_speed&quot;:{&quot;unit&quot;:&quot;%&quot;,&quot;size&quot;:50,&quot;sizes&quot;:[]},&quot;jet_parallax_layout_type&quot;:&quot;scroll&quot;,&quot;jet_parallax_layout_direction&quot;:&quot;1&quot;,&quot;jet_parallax_layout_fx_direction&quot;:null,&quot;jet_parallax_layout_z_index&quot;:&quot;&quot;,&quot;jet_parallax_layout_bg_x&quot;:50,&quot;jet_parallax_layout_bg_x_tablet&quot;:&quot;&quot;,&quot;jet_parallax_layout_bg_x_mobile&quot;:&quot;&quot;,&quot;jet_parallax_layout_bg_y&quot;:50,&quot;jet_parallax_layout_bg_y_tablet&quot;:&quot;&quot;,&quot;jet_parallax_layout_bg_y_mobile&quot;:&quot;&quot;,&quot;jet_parallax_layout_bg_size&quot;:&quot;auto&quot;,&quot;jet_parallax_layout_bg_size_tablet&quot;:&quot;&quot;,&quot;jet_parallax_layout_bg_size_mobile&quot;:&quot;&quot;,&quot;jet_parallax_layout_animation_prop&quot;:&quot;transform&quot;,&quot;jet_parallax_layout_on&quot;:[&quot;desktop&quot;,&quot;tablet&quot;]}],&quot;background_background&quot;:&quot;classic&quot;}\">\n\t\t\t\t\t\t<div class=\"elementor-container elementor-column-gap-default\">\n\t\t\t\t\t<div class=\"elementor-column elementor-col-100 elementor-top-column elementor-element elementor-element-8eee132\" data-id=\"8eee132\" data-element_type=\"column\" data-e-type=\"column\">\n\t\t\t<div class=\"elementor-widget-wrap elementor-element-populated\">\n\t\t\t\t\t\t<div class=\"elementor-element elementor-element-d76d443 elementor-widget elementor-widget-heading\" data-id=\"d76d443\" data-element_type=\"widget\" data-e-type=\"widget\" data-widget_type=\"heading.default\">\n\t\t\t\t\t<h1 class=\"elementor-heading-title elementor-size-default\">Genion Lab Blog<\/h1>\t\t\t\t<\/div>\n\t\t\t\t<div class=\"elementor-element elementor-element-63ef253 elementor-widget elementor-widget-spacer\" data-id=\"63ef253\" data-element_type=\"widget\" data-e-type=\"widget\" data-widget_type=\"spacer.default\">\n\t\t\t\t\t\t\t<div class=\"elementor-spacer\">\n\t\t\t<div class=\"elementor-spacer-inner\"><\/div>\n\t\t<\/div>\n\t\t\t\t\t\t<\/div>\n\t\t\t\t\t<\/div>\n\t\t<\/div>\n\t\t\t\t\t<\/div>\n\t\t<\/section>\n\t\t\t\t<section class=\"elementor-section elementor-top-section elementor-element elementor-element-aed8b27 elementor-section-boxed elementor-section-height-default elementor-section-height-default\" data-id=\"aed8b27\" data-element_type=\"section\" data-e-type=\"section\" data-settings=\"{&quot;jet_parallax_layout_list&quot;:[{&quot;jet_parallax_layout_image&quot;:{&quot;url&quot;:&quot;&quot;,&quot;id&quot;:&quot;&quot;,&quot;size&quot;:&quot;&quot;},&quot;_id&quot;:&quot;8a18b4f&quot;,&quot;jet_parallax_layout_image_tablet&quot;:{&quot;url&quot;:&quot;&quot;,&quot;id&quot;:&quot;&quot;,&quot;size&quot;:&quot;&quot;},&quot;jet_parallax_layout_image_mobile&quot;:{&quot;url&quot;:&quot;&quot;,&quot;id&quot;:&quot;&quot;,&quot;size&quot;:&quot;&quot;},&quot;jet_parallax_layout_speed&quot;:{&quot;unit&quot;:&quot;%&quot;,&quot;size&quot;:50,&quot;sizes&quot;:[]},&quot;jet_parallax_layout_type&quot;:&quot;scroll&quot;,&quot;jet_parallax_layout_direction&quot;:&quot;1&quot;,&quot;jet_parallax_layout_fx_direction&quot;:null,&quot;jet_parallax_layout_z_index&quot;:&quot;&quot;,&quot;jet_parallax_layout_bg_x&quot;:50,&quot;jet_parallax_layout_bg_x_tablet&quot;:&quot;&quot;,&quot;jet_parallax_layout_bg_x_mobile&quot;:&quot;&quot;,&quot;jet_parallax_layout_bg_y&quot;:50,&quot;jet_parallax_layout_bg_y_tablet&quot;:&quot;&quot;,&quot;jet_parallax_layout_bg_y_mobile&quot;:&quot;&quot;,&quot;jet_parallax_layout_bg_size&quot;:&quot;auto&quot;,&quot;jet_parallax_layout_bg_size_tablet&quot;:&quot;&quot;,&quot;jet_parallax_layout_bg_size_mobile&quot;:&quot;&quot;,&quot;jet_parallax_layout_animation_prop&quot;:&quot;transform&quot;,&quot;jet_parallax_layout_on&quot;:[&quot;desktop&quot;,&quot;tablet&quot;]}],&quot;background_background&quot;:&quot;classic&quot;}\">\n\t\t\t\t\t\t<div class=\"elementor-container elementor-column-gap-default\">\n\t\t\t\t\t<div class=\"elementor-column elementor-col-100 elementor-top-column elementor-element elementor-element-a5e3317\" data-id=\"a5e3317\" data-element_type=\"column\" data-e-type=\"column\">\n\t\t\t<div class=\"elementor-widget-wrap elementor-element-populated\">\n\t\t\t\t\t\t<div class=\"elementor-element elementor-element-2ee211c elementor-widget elementor-widget-shortcode\" data-id=\"2ee211c\" data-element_type=\"widget\" data-e-type=\"widget\" data-widget_type=\"shortcode.default\">\n\t\t\t\t\t\t\t<div class=\"elementor-shortcode\"><div class=\"_form_135 genionlab-form\"><\/div><script src=\"https:\/\/proyectogenion.activehosted.com\/f\/embed.php?id=135\" type=\"text\/javascript\" charset=\"utf-8\"><\/script><\/div>\n\t\t\t\t\t\t<\/div>\n\t\t\t\t\t<\/div>\n\t\t<\/div>\n\t\t\t\t\t<\/div>\n\t\t<\/section>\n\t\t\t\t<\/div>\n\t\t","protected":false},"excerpt":{"rendered":"<p>Genion Lab Blog Pasar a la acci\u00f3n \u00a1en nuestra terreta! Emprendimiento, microempresas y ODS 1 diciembre 2022 Ya sabr\u00e1s que la Comunidad Valenciana es la cuarta del pa\u00eds en n\u00famero de pymes&#8230; \u00a1son las grandes generadoras de Leer M\u00e1s \u00daltimas din\u00e1micas de co-creaci\u00f3n y despedida The Break en Madrid 30 noviembre 2022 El lunes 28 [&hellip;]<\/p>\n","protected":false},"author":1,"featured_media":0,"parent":0,"menu_order":0,"comment_status":"closed","ping_status":"closed","template":"full-width.php","meta":{"_acf_changed":false,"footnotes":""},"class_list":["post-5094","page","type-page","status-publish","hentry"],"acf":[],"yoast_head":"<!-- This site is optimized with the Yoast SEO plugin v27.3 - https:\/\/yoast.com\/product\/yoast-seo-wordpress\/ -->\n<title>Blog - Genion Lab<\/title>\n<meta name=\"robots\" content=\"index, follow, max-snippet:-1, max-image-preview:large, max-video-preview:-1\" \/>\n<link rel=\"canonical\" href=\"https:\/\/genionlab.com\/en\/blog\/\" \/>\n<meta property=\"og:locale\" content=\"en_US\" \/>\n<meta property=\"og:type\" content=\"article\" \/>\n<meta property=\"og:title\" content=\"Blog - Genion Lab\" \/>\n<meta property=\"og:description\" content=\"Genion Lab Blog Pasar a la acci\u00f3n \u00a1en nuestra terreta! Emprendimiento, microempresas y ODS 1 diciembre 2022 Ya sabr\u00e1s que la Comunidad Valenciana es la cuarta del pa\u00eds en n\u00famero de pymes&#8230; \u00a1son las grandes generadoras de Leer M\u00e1s \u00daltimas din\u00e1micas de co-creaci\u00f3n y despedida The Break en Madrid 30 noviembre 2022 El lunes 28 [&hellip;]\" \/>\n<meta property=\"og:url\" content=\"https:\/\/genionlab.com\/en\/blog\/\" \/>\n<meta property=\"og:site_name\" content=\"Genion Lab\" \/>\n<meta property=\"article:publisher\" content=\"https:\/\/www.facebook.com\/pbccoworking\" \/>\n<meta property=\"article:modified_time\" content=\"2026-04-07T11:00:48+00:00\" \/>\n<meta property=\"og:image\" content=\"https:\/\/genionlab.com\/wp-content\/uploads\/2022\/12\/luke-porter-NEqEC7qa9FM-unsplash-scaled-e1671713142530.jpg\" \/>\n\t<meta property=\"og:image:width\" content=\"1000\" \/>\n\t<meta property=\"og:image:height\" content=\"667\" \/>\n\t<meta property=\"og:image:type\" content=\"image\/jpeg\" \/>\n<meta name=\"twitter:card\" content=\"summary_large_image\" \/>\n<meta name=\"twitter:label1\" content=\"Est. reading time\" \/>\n\t<meta name=\"twitter:data1\" content=\"2 minutes\" \/>\n<script type=\"application\/ld+json\" class=\"yoast-schema-graph\">{\"@context\":\"https:\\\/\\\/schema.org\",\"@graph\":[{\"@type\":\"WebPage\",\"@id\":\"https:\\\/\\\/genionlab.com\\\/en\\\/blog\\\/\",\"url\":\"https:\\\/\\\/genionlab.com\\\/en\\\/blog\\\/\",\"name\":\"Blog - Genion Lab\",\"isPartOf\":{\"@id\":\"https:\\\/\\\/genionlab.com\\\/en\\\/#website\"},\"primaryImageOfPage\":{\"@id\":\"https:\\\/\\\/genionlab.com\\\/en\\\/blog\\\/#primaryimage\"},\"image\":{\"@id\":\"https:\\\/\\\/genionlab.com\\\/en\\\/blog\\\/#primaryimage\"},\"thumbnailUrl\":\"https:\\\/\\\/genionlab.com\\\/wp-content\\\/uploads\\\/2022\\\/12\\\/luke-porter-NEqEC7qa9FM-unsplash-1024x683.jpg\",\"datePublished\":\"2020-06-02T06:22:39+00:00\",\"dateModified\":\"2026-04-07T11:00:48+00:00\",\"breadcrumb\":{\"@id\":\"https:\\\/\\\/genionlab.com\\\/en\\\/blog\\\/#breadcrumb\"},\"inLanguage\":\"en-US\",\"potentialAction\":[{\"@type\":\"ReadAction\",\"target\":[\"https:\\\/\\\/genionlab.com\\\/en\\\/blog\\\/\"]}]},{\"@type\":\"ImageObject\",\"inLanguage\":\"en-US\",\"@id\":\"https:\\\/\\\/genionlab.com\\\/en\\\/blog\\\/#primaryimage\",\"url\":\"https:\\\/\\\/genionlab.com\\\/wp-content\\\/uploads\\\/2022\\\/12\\\/luke-porter-NEqEC7qa9FM-unsplash-1024x683.jpg\",\"contentUrl\":\"https:\\\/\\\/genionlab.com\\\/wp-content\\\/uploads\\\/2022\\\/12\\\/luke-porter-NEqEC7qa9FM-unsplash-1024x683.jpg\"},{\"@type\":\"BreadcrumbList\",\"@id\":\"https:\\\/\\\/genionlab.com\\\/en\\\/blog\\\/#breadcrumb\",\"itemListElement\":[{\"@type\":\"ListItem\",\"position\":1,\"name\":\"Portada\",\"item\":\"https:\\\/\\\/genionlab.com\\\/en\\\/home\\\/\"},{\"@type\":\"ListItem\",\"position\":2,\"name\":\"Blog\"}]},{\"@type\":\"WebSite\",\"@id\":\"https:\\\/\\\/genionlab.com\\\/en\\\/#website\",\"url\":\"https:\\\/\\\/genionlab.com\\\/en\\\/\",\"name\":\"Genion Lab\",\"description\":\"Trabajar, conectar y crecer\",\"publisher\":{\"@id\":\"https:\\\/\\\/genionlab.com\\\/en\\\/#organization\"},\"potentialAction\":[{\"@type\":\"SearchAction\",\"target\":{\"@type\":\"EntryPoint\",\"urlTemplate\":\"https:\\\/\\\/genionlab.com\\\/en\\\/?s={search_term_string}\"},\"query-input\":{\"@type\":\"PropertyValueSpecification\",\"valueRequired\":true,\"valueName\":\"search_term_string\"}}],\"inLanguage\":\"en-US\"},{\"@type\":\"Organization\",\"@id\":\"https:\\\/\\\/genionlab.com\\\/en\\\/#organization\",\"name\":\"GENIONLAB\",\"url\":\"https:\\\/\\\/genionlab.com\\\/en\\\/\",\"logo\":{\"@type\":\"ImageObject\",\"inLanguage\":\"en-US\",\"@id\":\"https:\\\/\\\/genionlab.com\\\/en\\\/#\\\/schema\\\/logo\\\/image\\\/\",\"url\":\"https:\\\/\\\/genionlab.com\\\/wp-content\\\/uploads\\\/2020\\\/05\\\/logo_dark@2x.svg\",\"contentUrl\":\"https:\\\/\\\/genionlab.com\\\/wp-content\\\/uploads\\\/2020\\\/05\\\/logo_dark@2x.svg\",\"width\":150,\"height\":51,\"caption\":\"GENIONLAB\"},\"image\":{\"@id\":\"https:\\\/\\\/genionlab.com\\\/en\\\/#\\\/schema\\\/logo\\\/image\\\/\"},\"sameAs\":[\"https:\\\/\\\/www.facebook.com\\\/pbccoworking\",\"https:\\\/\\\/www.instagram.com\\\/pbccoworking\\\/\",\"https:\\\/\\\/www.linkedin.com\\\/company\\\/pbc-coworking\\\/\",\"https:\\\/\\\/www.youtube.com\\\/channel\\\/UCOKMNkBpPhVJNZ4ZFtJQAiA\"]}]}<\/script>\n<!-- \/ Yoast SEO plugin. -->","yoast_head_json":{"title":"Blog - Genion Lab","robots":{"index":"index","follow":"follow","max-snippet":"max-snippet:-1","max-image-preview":"max-image-preview:large","max-video-preview":"max-video-preview:-1"},"canonical":"https:\/\/genionlab.com\/en\/blog\/","og_locale":"en_US","og_type":"article","og_title":"Blog - Genion Lab","og_description":"Genion Lab Blog Pasar a la acci\u00f3n \u00a1en nuestra terreta! Emprendimiento, microempresas y ODS 1 diciembre 2022 Ya sabr\u00e1s que la Comunidad Valenciana es la cuarta del pa\u00eds en n\u00famero de pymes&#8230; \u00a1son las grandes generadoras de Leer M\u00e1s \u00daltimas din\u00e1micas de co-creaci\u00f3n y despedida The Break en Madrid 30 noviembre 2022 El lunes 28 [&hellip;]","og_url":"https:\/\/genionlab.com\/en\/blog\/","og_site_name":"Genion Lab","article_publisher":"https:\/\/www.facebook.com\/pbccoworking","article_modified_time":"2026-04-07T11:00:48+00:00","og_image":[{"width":1000,"height":667,"url":"https:\/\/genionlab.com\/wp-content\/uploads\/2022\/12\/luke-porter-NEqEC7qa9FM-unsplash-scaled-e1671713142530.jpg","type":"image\/jpeg"}],"twitter_card":"summary_large_image","twitter_misc":{"Est. reading time":"2 minutes"},"schema":{"@context":"https:\/\/schema.org","@graph":[{"@type":"WebPage","@id":"https:\/\/genionlab.com\/en\/blog\/","url":"https:\/\/genionlab.com\/en\/blog\/","name":"Blog - Genion Lab","isPartOf":{"@id":"https:\/\/genionlab.com\/en\/#website"},"primaryImageOfPage":{"@id":"https:\/\/genionlab.com\/en\/blog\/#primaryimage"},"image":{"@id":"https:\/\/genionlab.com\/en\/blog\/#primaryimage"},"thumbnailUrl":"https:\/\/genionlab.com\/wp-content\/uploads\/2022\/12\/luke-porter-NEqEC7qa9FM-unsplash-1024x683.jpg","datePublished":"2020-06-02T06:22:39+00:00","dateModified":"2026-04-07T11:00:48+00:00","breadcrumb":{"@id":"https:\/\/genionlab.com\/en\/blog\/#breadcrumb"},"inLanguage":"en-US","potentialAction":[{"@type":"ReadAction","target":["https:\/\/genionlab.com\/en\/blog\/"]}]},{"@type":"ImageObject","inLanguage":"en-US","@id":"https:\/\/genionlab.com\/en\/blog\/#primaryimage","url":"https:\/\/genionlab.com\/wp-content\/uploads\/2022\/12\/luke-porter-NEqEC7qa9FM-unsplash-1024x683.jpg","contentUrl":"https:\/\/genionlab.com\/wp-content\/uploads\/2022\/12\/luke-porter-NEqEC7qa9FM-unsplash-1024x683.jpg"},{"@type":"BreadcrumbList","@id":"https:\/\/genionlab.com\/en\/blog\/#breadcrumb","itemListElement":[{"@type":"ListItem","position":1,"name":"Portada","item":"https:\/\/genionlab.com\/en\/home\/"},{"@type":"ListItem","position":2,"name":"Blog"}]},{"@type":"WebSite","@id":"https:\/\/genionlab.com\/en\/#website","url":"https:\/\/genionlab.com\/en\/","name":"Genion Lab","description":"Trabajar, conectar y crecer","publisher":{"@id":"https:\/\/genionlab.com\/en\/#organization"},"potentialAction":[{"@type":"SearchAction","target":{"@type":"EntryPoint","urlTemplate":"https:\/\/genionlab.com\/en\/?s={search_term_string}"},"query-input":{"@type":"PropertyValueSpecification","valueRequired":true,"valueName":"search_term_string"}}],"inLanguage":"en-US"},{"@type":"Organization","@id":"https:\/\/genionlab.com\/en\/#organization","name":"GENIONLAB","url":"https:\/\/genionlab.com\/en\/","logo":{"@type":"ImageObject","inLanguage":"en-US","@id":"https:\/\/genionlab.com\/en\/#\/schema\/logo\/image\/","url":"https:\/\/genionlab.com\/wp-content\/uploads\/2020\/05\/logo_dark@2x.svg","contentUrl":"https:\/\/genionlab.com\/wp-content\/uploads\/2020\/05\/logo_dark@2x.svg","width":150,"height":51,"caption":"GENIONLAB"},"image":{"@id":"https:\/\/genionlab.com\/en\/#\/schema\/logo\/image\/"},"sameAs":["https:\/\/www.facebook.com\/pbccoworking","https:\/\/www.instagram.com\/pbccoworking\/","https:\/\/www.linkedin.com\/company\/pbc-coworking\/","https:\/\/www.youtube.com\/channel\/UCOKMNkBpPhVJNZ4ZFtJQAiA"]}]}},"_links":{"self":[{"href":"https:\/\/genionlab.com\/en\/wp-json\/wp\/v2\/pages\/5094","targetHints":{"allow":["GET"]}}],"collection":[{"href":"https:\/\/genionlab.com\/en\/wp-json\/wp\/v2\/pages"}],"about":[{"href":"https:\/\/genionlab.com\/en\/wp-json\/wp\/v2\/types\/page"}],"author":[{"embeddable":true,"href":"https:\/\/genionlab.com\/en\/wp-json\/wp\/v2\/users\/1"}],"replies":[{"embeddable":true,"href":"https:\/\/genionlab.com\/en\/wp-json\/wp\/v2\/comments?post=5094"}],"version-history":[{"count":5,"href":"https:\/\/genionlab.com\/en\/wp-json\/wp\/v2\/pages\/5094\/revisions"}],"predecessor-version":[{"id":5360,"href":"https:\/\/genionlab.com\/en\/wp-json\/wp\/v2\/pages\/5094\/revisions\/5360"}],"wp:attachment":[{"href":"https:\/\/genionlab.com\/en\/wp-json\/wp\/v2\/media?parent=5094"}],"curies":[{"name":"wp","href":"https:\/\/api.w.org\/{rel}","templated":true}]}}